{"id":1356,"date":"2025-01-15T02:19:33","date_gmt":"2025-01-15T02:19:33","guid":{"rendered":"https:\/\/demo.casethemes.net\/vastcon\/?page_id=1356"},"modified":"2025-07-07T17:36:08","modified_gmt":"2025-07-07T09:36:08","slug":"company-history","status":"publish","type":"page","link":"https:\/\/zhongnuokeji.pw\/fr\/company-history\/","title":{"rendered":"Historique de l'entreprise"},"content":{"rendered":"<div data-elementor-type=\"wp-page\" data-elementor-id=\"1356\" class=\"elementor elementor-1356\">\n\t\t\t\t<div class=\"elementor-element elementor-element-62086d0 e-flex e-con-boxed pxl-row-scroll-none pxl-column-none pxl-full-content-with-space-none e-con e-parent\" data-id=\"62086d0\" data-element_type=\"container\" data-e-type=\"container\">\t\t\t<div class=\"e-con-inner\">\r\n\t\t \t\t<div class=\"elementor-element elementor-element-d8d8a4b elementor-widget elementor-widget-pxl_history\" data-id=\"d8d8a4b\" data-element_type=\"widget\" data-e-type=\"widget\" data-widget_type=\"pxl_history.default\">\n\t\t\t\t<div class=\"elementor-widget-container\">\n\t\t\t\t\t<div class=\"pxl-history\">\r\n    <div class=\"line\"><\/div>\r\n            <div class=\"pxl-history-l1\" data-wow-delay=\"ms\">\r\n                            <div class=\"entry-body pxl-item--flexnw\">\r\n                                            <div class=\"pxl-item--image wow fadeInUp\" >\r\n                            <img fetchpriority=\"high\" decoding=\"async\" class=\"no-lazyload\" src=\"https:\/\/zhongnuokeji.pw\/wp-content\/uploads\/2025\/06\/\u672a\u6807\u9898-1-2.jpg\" width=\"496\" height=\"262\" alt=\"\u672a\u6807\u9898-1\" title=\"\u672a\u6807\u9898-1\" \/>                        <\/div>\r\n                                        <div class=\"wrap-center pxl-text-center\">\r\n                        <div class=\"date pxl-flex-center\">\r\n                            2013                        <\/div>\r\n                    <\/div>\r\n                    <div class=\"wrap-content\">\r\n                        <h3 class=\"title wow fadeInUp\">Le d\u00e9but d'un r\u00eave<\/h3>\r\n                        <p class=\"desc wow fadeInUp\">En 2013, M. Liu Yunhai a fond\u00e9 le groupe Sino-Longding Holding avec l'ambition de r\u00e9volutionner le secteur des technologies de stockage frigorifique. \u00c0 l'origine, nous n'\u00e9tions qu'une petite \u00e9quipe de professionnels d\u00e9vou\u00e9s, et nous avons lanc\u00e9 une s\u00e9rie de projets de cha\u00eene du froid ax\u00e9s sur la qualit\u00e9 et la satisfaction client.<\/p>\r\n                    <\/a>\r\n                <\/div>\r\n            <\/div>\r\n                        <div class=\"entry-body pxl-item--flexnw\">\r\n                                            <div class=\"pxl-item--image wow fadeInUp\" >\r\n                            <img decoding=\"async\" class=\"no-lazyload\" src=\"https:\/\/zhongnuokeji.pw\/wp-content\/uploads\/2025\/06\/\u672a\u6807\u9898-1-1.jpg\" width=\"496\" height=\"262\" alt=\"\u672a\u6807\u9898-1\" title=\"\u672a\u6807\u9898-1\" \/>                        <\/div>\r\n                                        <div class=\"wrap-center pxl-text-center\">\r\n                        <div class=\"date pxl-flex-center\">\r\n                            2015                        <\/div>\r\n                    <\/div>\r\n                    <div class=\"wrap-content\">\r\n                        <h3 class=\"title wow fadeInUp\">Construction d'ateliers<\/h3>\r\n                        <p class=\"desc wow fadeInUp\">Construire un atelier de production intelligent de haut niveau pour am\u00e9liorer la capacit\u00e9 de production d'\u00e9quipements de stockage frigorifique.\nIntroduire un centre d'usinage de t\u00f4les CNC allemand et une ligne de production de mousse enti\u00e8rement automatique pour une fabrication de pr\u00e9cision.\nMettre en place un laboratoire d'essais \u00e0 tr\u00e8s basse temp\u00e9rature de -60 \u00b0C pour garantir la fiabilit\u00e9 des produits.<\/p>\r\n                    <\/a>\r\n                <\/div>\r\n            <\/div>\r\n                        <div class=\"entry-body pxl-item--flexnw\">\r\n                                            <div class=\"pxl-item--image wow fadeInUp\" >\r\n                            <img decoding=\"async\" class=\"no-lazyload\" src=\"https:\/\/zhongnuokeji.pw\/wp-content\/uploads\/2025\/06\/\u672a\u6807\u9898-1-6.jpg\" width=\"496\" height=\"262\" alt=\"\u672a\u6807\u9898-1\" title=\"\u672a\u6807\u9898-1\" \/>                        <\/div>\r\n                                        <div class=\"wrap-center pxl-text-center\">\r\n                        <div class=\"date pxl-flex-center\">\r\n                            2016                        <\/div>\r\n                    <\/div>\r\n                    <div class=\"wrap-content\">\r\n                        <h3 class=\"title wow fadeInUp\">Participer aux expositions allemandes<\/h3>\r\n                        <p class=\"desc wow fadeInUp\">Clients potentiels\u00a0: 136 clients de 28 pays ont \u00e9t\u00e9 re\u00e7us.\nMontant du contrat\u00a0: La commande pr\u00e9vue \u00e9tait d'environ 5 millions de dollars am\u00e9ricains.<\/p>\r\n                    <\/a>\r\n                <\/div>\r\n            <\/div>\r\n                        <div class=\"entry-body pxl-item--flexnw\">\r\n                                            <div class=\"pxl-item--image wow fadeInUp\" >\r\n                            <img loading=\"lazy\" decoding=\"async\" class=\"no-lazyload\" src=\"https:\/\/zhongnuokeji.pw\/wp-content\/uploads\/2025\/06\/\u672a\u6807\u9898-1-3.jpg\" width=\"496\" height=\"262\" alt=\"\u672a\u6807\u9898-1\" title=\"\u672a\u6807\u9898-1\" \/>                        <\/div>\r\n                                        <div class=\"wrap-center pxl-text-center\">\r\n                        <div class=\"date pxl-flex-center\">\r\n                            2018                        <\/div>\r\n                    <\/div>\r\n                    <div class=\"wrap-content\">\r\n                        <h3 class=\"title wow fadeInUp\">Perc\u00e9e technologique<\/h3>\r\n                        <p class=\"desc wow fadeInUp\">Obtention de la certification nationale d'entreprise de haute technologie\nD\u00e9veloppement r\u00e9ussi d'une nouvelle g\u00e9n\u00e9ration de syst\u00e8mes de r\u00e9frig\u00e9ration \u00e9conomes en \u00e9nergie\nExploration du march\u00e9 des \u00e9quipements de la cha\u00eene du froid pharmaceutique\nCr\u00e9ation d'un centre provincial de technologie d'entreprise<\/p>\r\n                    <\/a>\r\n                <\/div>\r\n            <\/div>\r\n                        <div class=\"entry-body pxl-item--flexnw\">\r\n                                            <div class=\"pxl-item--image wow fadeInUp\" >\r\n                            <img loading=\"lazy\" decoding=\"async\" class=\"no-lazyload\" src=\"https:\/\/zhongnuokeji.pw\/wp-content\/uploads\/2025\/06\/\u672a\u6807\u9898-1-4.jpg\" width=\"496\" height=\"262\" alt=\"\u672a\u6807\u9898-1\" title=\"\u672a\u6807\u9898-1\" \/>                        <\/div>\r\n                                        <div class=\"wrap-center pxl-text-center\">\r\n                        <div class=\"date pxl-flex-center\">\r\n                            2020                        <\/div>\r\n                    <\/div>\r\n                    <div class=\"wrap-content\">\r\n                        <h3 class=\"title wow fadeInUp\">Transformation strat\u00e9gique<\/h3>\r\n                        <p class=\"desc wow fadeInUp\">Restructuration de l'entreprise et modernisation de la marque achev\u00e9es\nOrientation commerciale vers la fabrication d'\u00e9quipements intelligents\nProjets dans le domaine de l'automatisation des machines agroalimentaires\nCertification du syst\u00e8me de gestion de la qualit\u00e9 ISO9001 obtenue<\/p>\r\n                    <\/a>\r\n                <\/div>\r\n            <\/div>\r\n                        <div class=\"entry-body pxl-item--flexnw\">\r\n                                            <div class=\"pxl-item--image wow fadeInUp\" >\r\n                            <img loading=\"lazy\" decoding=\"async\" class=\"no-lazyload\" src=\"https:\/\/zhongnuokeji.pw\/wp-content\/uploads\/2025\/06\/\u672a\u6807\u9898-1-5.jpg\" width=\"496\" height=\"262\" alt=\"\u672a\u6807\u9898-1\" title=\"\u672a\u6807\u9898-1\" \/>                        <\/div>\r\n                                        <div class=\"wrap-center pxl-text-center\">\r\n                        <div class=\"date pxl-flex-center\">\r\n                            2022                        <\/div>\r\n                    <\/div>\r\n                    <div class=\"wrap-content\">\r\n                        <h3 class=\"title wow fadeInUp\">modernisation industrielle<\/h3>\r\n                        <p class=\"desc wow fadeInUp\">Lancement d'un projet de machines agroalimentaires avec une production annuelle de 2\u00a0000 unit\u00e9s\nIntroduction du syst\u00e8me intelligent de gestion de la production MES\nObtention de plusieurs brevets d'invention\nProduction annuelle sup\u00e9rieure \u00e0 50 millions de yuans<\/p>\r\n                    <\/a>\r\n                <\/div>\r\n            <\/div>\r\n                        <div class=\"entry-body pxl-item--flexnw\">\r\n                                            <div class=\"pxl-item--image wow fadeInUp\" >\r\n                            <img loading=\"lazy\" decoding=\"async\" class=\"no-lazyload\" src=\"https:\/\/zhongnuokeji.pw\/wp-content\/uploads\/2025\/06\/\u672a\u6807\u9898-1-7.jpg\" width=\"496\" height=\"262\" alt=\"\u672a\u6807\u9898-1\" title=\"\u672a\u6807\u9898-1\" \/>                        <\/div>\r\n                                        <div class=\"wrap-center pxl-text-center\">\r\n                        <div class=\"date pxl-flex-center\">\r\n                            2024                        <\/div>\r\n                    <\/div>\r\n                    <div class=\"wrap-content\">\r\n                        <h3 class=\"title wow fadeInUp\">D\u00e9veloppement innovant<\/h3>\r\n                        <p class=\"desc wow fadeInUp\">La deuxi\u00e8me phase du projet d'usine intelligente a \u00e9t\u00e9 achev\u00e9e. La solution de stockage frigorifique intelligent, leader du secteur, a \u00e9t\u00e9 lanc\u00e9e. Une base de coop\u00e9ration industrie-universit\u00e9-recherche a \u00e9t\u00e9 \u00e9tablie. Les produits ont \u00e9t\u00e9 export\u00e9s vers le march\u00e9 canadien.<\/p>\r\n                    <\/a>\r\n                <\/div>\r\n            <\/div>\r\n                        <div class=\"entry-body pxl-item--flexnw\">\r\n                                            <div class=\"pxl-item--image wow fadeInUp\" >\r\n                            <img loading=\"lazy\" decoding=\"async\" class=\"no-lazyload\" src=\"https:\/\/zhongnuokeji.pw\/wp-content\/uploads\/2025\/06\/\u672a\u6807\u9898-1-8.jpg\" width=\"496\" height=\"262\" alt=\"\u672a\u6807\u9898-1\" title=\"\u672a\u6807\u9898-1\" \/>                        <\/div>\r\n                                        <div class=\"wrap-center pxl-text-center\">\r\n                        <div class=\"date pxl-flex-center\">\r\n                            2025                        <\/div>\r\n                    <\/div>\r\n                    <div class=\"wrap-content\">\r\n                        <h3 class=\"title wow fadeInUp\">Regard vers l'avenir<\/h3>\r\n                        <p class=\"desc wow fadeInUp\">Planification et construction du si\u00e8ge R&amp;D du groupe\nD\u00e9ploiement de nouveaux \u00e9quipements pour la cha\u00eene du froid \u00e9nerg\u00e9tique\nPromotion des pr\u00e9paratifs pour l'introduction en bourse\nObjectif\u00a0: devenir une entreprise de r\u00e9f\u00e9rence dans le secteur<\/p>\r\n                    <\/a>\r\n                <\/div>\r\n            <\/div>\r\n            <\/div>\r\n\r\n<\/div>\r\n\t\t\t\t<\/div>\n\t\t\t\t<\/div>\n\t\t\t\t\t<\/div>\r\n\t\t\t\t<\/div>\r\n\t\t\t\t<\/div>","protected":false},"excerpt":{"rendered":"<p>2013 The Beginning of a Dream In 2013, Mr. Liu Yunhai founded Sino-Longding Holding Group with the ambition to revolutionize the cold storage technology industry. Initially, we were just a small team of dedicated professionals, and we took the first step to complete a series of cold chain projects with a focus on quality and [&hellip;]<\/p>","protected":false},"author":1,"featured_media":0,"parent":0,"menu_order":0,"comment_status":"closed","ping_status":"closed","template":"","meta":{"footnotes":""},"class_list":["post-1356","page","type-page","status-publish","hentry"],"yoast_head":"<!-- This site is optimized with the Yoast SEO Premium plugin v26.2 (Yoast SEO v27.4) - https:\/\/yoast.com\/product\/yoast-seo-premium-wordpress\/ -->\n<title>Company History - zhongnuokeji.pw<\/title>\n<meta name=\"description\" content=\"Learn about the company&#039;s history. In 2013, Mr. Liu Yunhai founded Xinlongding Holding Group, dedicated to the revolution of cold storage technology.\" \/>\n<meta name=\"robots\" content=\"index, follow, max-snippet:-1, max-image-preview:large, max-video-preview:-1\" \/>\n<link rel=\"canonical\" href=\"https:\/\/zhongnuokeji.pw\/fr\/company-history\/\" \/>\n<meta property=\"og:locale\" content=\"fr_FR\" \/>\n<meta property=\"og:type\" content=\"article\" \/>\n<meta property=\"og:title\" content=\"Company History\" \/>\n<meta property=\"og:description\" content=\"Learn about the company&#039;s history. In 2013, Mr. Liu Yunhai founded Xinlongding Holding Group, dedicated to the revolution of cold storage technology.\" \/>\n<meta property=\"og:url\" content=\"https:\/\/zhongnuokeji.pw\/fr\/company-history\/\" \/>\n<meta property=\"og:site_name\" content=\"zhongnuokeji.pw\" \/>\n<meta property=\"article:publisher\" content=\"https:\/\/www.facebook.com\/share\/1CKMXvQDt9\/?mibextid=wwXIfr\" \/>\n<meta property=\"article:modified_time\" content=\"2025-07-07T09:36:08+00:00\" \/>\n<meta property=\"og:image\" content=\"https:\/\/zhongnuokeji.pw\/wp-content\/uploads\/2025\/07\/\u672a\u6807\u9898-2-4.jpg\" \/>\n\t<meta property=\"og:image:width\" content=\"1200\" \/>\n\t<meta property=\"og:image:height\" content=\"675\" \/>\n\t<meta property=\"og:image:type\" content=\"image\/jpeg\" \/>\n<meta name=\"twitter:card\" content=\"summary_large_image\" \/>\n<meta name=\"twitter:label1\" content=\"Dur\u00e9e de lecture estim\u00e9e\" \/>\n\t<meta name=\"twitter:data1\" content=\"4 minutes\" \/>\n<script type=\"application\/ld+json\" class=\"yoast-schema-graph\">{\"@context\":\"https:\\\/\\\/schema.org\",\"@graph\":[{\"@type\":\"WebPage\",\"@id\":\"https:\\\/\\\/zhongnuokeji.pw\\\/company-history\\\/\",\"url\":\"https:\\\/\\\/zhongnuokeji.pw\\\/company-history\\\/\",\"name\":\"Company History - zhongnuokeji.pw\",\"isPartOf\":{\"@id\":\"https:\\\/\\\/zhongnuokeji.pw\\\/#website\"},\"datePublished\":\"2025-01-15T02:19:33+00:00\",\"dateModified\":\"2025-07-07T09:36:08+00:00\",\"description\":\"Learn about the company's history. In 2013, Mr. Liu Yunhai founded Xinlongding Holding Group, dedicated to the revolution of cold storage technology.\",\"breadcrumb\":{\"@id\":\"https:\\\/\\\/zhongnuokeji.pw\\\/company-history\\\/#breadcrumb\"},\"inLanguage\":\"fr-FR\",\"potentialAction\":[{\"@type\":\"ReadAction\",\"target\":[\"https:\\\/\\\/zhongnuokeji.pw\\\/company-history\\\/\"]}]},{\"@type\":\"BreadcrumbList\",\"@id\":\"https:\\\/\\\/zhongnuokeji.pw\\\/company-history\\\/#breadcrumb\",\"itemListElement\":[{\"@type\":\"ListItem\",\"position\":1,\"name\":\"\u9996\u9875\",\"item\":\"https:\\\/\\\/zhongnuokeji.pw\\\/\"},{\"@type\":\"ListItem\",\"position\":2,\"name\":\"Company History\"}]},{\"@type\":\"WebSite\",\"@id\":\"https:\\\/\\\/zhongnuokeji.pw\\\/#website\",\"url\":\"https:\\\/\\\/zhongnuokeji.pw\\\/\",\"name\":\"zhongnuokeji.pw\",\"description\":\"High-Speed Cold Doors &amp; Energy-Saving Panels | ISO9001 Certified\",\"alternateName\":\"zhongnuokeji.com\",\"potentialAction\":[{\"@type\":\"SearchAction\",\"target\":{\"@type\":\"EntryPoint\",\"urlTemplate\":\"https:\\\/\\\/zhongnuokeji.pw\\\/?s={search_term_string}\"},\"query-input\":{\"@type\":\"PropertyValueSpecification\",\"valueRequired\":true,\"valueName\":\"search_term_string\"}}],\"inLanguage\":\"fr-FR\"}]}<\/script>\n<!-- \/ Yoast SEO Premium plugin. -->","yoast_head_json":{"title":"Company History - zhongnuokeji.pw","description":"Learn about the company's history. In 2013, Mr. Liu Yunhai founded Xinlongding Holding Group, dedicated to the revolution of cold storage technology.","robots":{"index":"index","follow":"follow","max-snippet":"max-snippet:-1","max-image-preview":"max-image-preview:large","max-video-preview":"max-video-preview:-1"},"canonical":"https:\/\/zhongnuokeji.pw\/fr\/company-history\/","og_locale":"fr_FR","og_type":"article","og_title":"Company History","og_description":"Learn about the company's history. In 2013, Mr. Liu Yunhai founded Xinlongding Holding Group, dedicated to the revolution of cold storage technology.","og_url":"https:\/\/zhongnuokeji.pw\/fr\/company-history\/","og_site_name":"zhongnuokeji.pw","article_publisher":"https:\/\/www.facebook.com\/share\/1CKMXvQDt9\/?mibextid=wwXIfr","article_modified_time":"2025-07-07T09:36:08+00:00","og_image":[{"width":1200,"height":675,"url":"https:\/\/zhongnuokeji.pw\/wp-content\/uploads\/2025\/07\/\u672a\u6807\u9898-2-4.jpg","type":"image\/jpeg"}],"twitter_card":"summary_large_image","twitter_misc":{"Dur\u00e9e de lecture estim\u00e9e":"4 minutes"},"schema":{"@context":"https:\/\/schema.org","@graph":[{"@type":"WebPage","@id":"https:\/\/zhongnuokeji.pw\/company-history\/","url":"https:\/\/zhongnuokeji.pw\/company-history\/","name":"Company History - zhongnuokeji.pw","isPartOf":{"@id":"https:\/\/zhongnuokeji.pw\/#website"},"datePublished":"2025-01-15T02:19:33+00:00","dateModified":"2025-07-07T09:36:08+00:00","description":"Learn about the company's history. In 2013, Mr. Liu Yunhai founded Xinlongding Holding Group, dedicated to the revolution of cold storage technology.","breadcrumb":{"@id":"https:\/\/zhongnuokeji.pw\/company-history\/#breadcrumb"},"inLanguage":"fr-FR","potentialAction":[{"@type":"ReadAction","target":["https:\/\/zhongnuokeji.pw\/company-history\/"]}]},{"@type":"BreadcrumbList","@id":"https:\/\/zhongnuokeji.pw\/company-history\/#breadcrumb","itemListElement":[{"@type":"ListItem","position":1,"name":"\u9996\u9875","item":"https:\/\/zhongnuokeji.pw\/"},{"@type":"ListItem","position":2,"name":"Company History"}]},{"@type":"WebSite","@id":"https:\/\/zhongnuokeji.pw\/#website","url":"https:\/\/zhongnuokeji.pw\/","name":"zhongnuokeji.pw","description":"High-Speed Cold Doors &amp; Energy-Saving Panels | ISO9001 Certified","alternateName":"zhongnuokeji.com","potentialAction":[{"@type":"SearchAction","target":{"@type":"EntryPoint","urlTemplate":"https:\/\/zhongnuokeji.pw\/?s={search_term_string}"},"query-input":{"@type":"PropertyValueSpecification","valueRequired":true,"valueName":"search_term_string"}}],"inLanguage":"fr-FR"}]}},"_links":{"self":[{"href":"https:\/\/zhongnuokeji.pw\/fr\/wp-json\/wp\/v2\/pages\/1356","targetHints":{"allow":["GET"]}}],"collection":[{"href":"https:\/\/zhongnuokeji.pw\/fr\/wp-json\/wp\/v2\/pages"}],"about":[{"href":"https:\/\/zhongnuokeji.pw\/fr\/wp-json\/wp\/v2\/types\/page"}],"author":[{"embeddable":true,"href":"https:\/\/zhongnuokeji.pw\/fr\/wp-json\/wp\/v2\/users\/1"}],"replies":[{"embeddable":true,"href":"https:\/\/zhongnuokeji.pw\/fr\/wp-json\/wp\/v2\/comments?post=1356"}],"version-history":[{"count":5,"href":"https:\/\/zhongnuokeji.pw\/fr\/wp-json\/wp\/v2\/pages\/1356\/revisions"}],"predecessor-version":[{"id":20407,"href":"https:\/\/zhongnuokeji.pw\/fr\/wp-json\/wp\/v2\/pages\/1356\/revisions\/20407"}],"wp:attachment":[{"href":"https:\/\/zhongnuokeji.pw\/fr\/wp-json\/wp\/v2\/media?parent=1356"}],"curies":[{"name":"wp","href":"https:\/\/api.w.org\/{rel}","templated":true}]}}