{"id":19458,"date":"2025-06-26T10:02:17","date_gmt":"2025-06-26T02:02:17","guid":{"rendered":"https:\/\/zhongnuokeji.pw\/?page_id=19458"},"modified":"2025-10-22T14:09:34","modified_gmt":"2025-10-22T06:09:34","slug":"soft-cushioning-free-door","status":"publish","type":"page","link":"https:\/\/zhongnuokeji.pw\/fr\/soft-cushioning-free-door\/","title":{"rendered":"Porte sans rembourrage souple"},"content":{"rendered":"<div data-elementor-type=\"wp-page\" data-elementor-id=\"19458\" class=\"elementor elementor-19458\">\n\t\t\t\t<div class=\"elementor-element elementor-element-1b04a0b e-flex e-con-boxed pxl-row-scroll-none pxl-column-none pxl-full-content-with-space-none e-con e-parent\" data-id=\"1b04a0b\" data-element_type=\"container\" data-e-type=\"container\">\t\t\t<div class=\"e-con-inner\">\r\n\t\t<div class=\"elementor-element elementor-element-e01d612 e-con-full e-flex pxl-row-scroll-none pxl-column-none pxl-full-content-with-space-none e-con e-child\" data-id=\"e01d612\" data-element_type=\"container\" data-e-type=\"container\">\t\t<div class=\"elementor-element elementor-element-52b046d elementor-pagination-position-inside elementor-arrows-position-inside elementor-widget elementor-widget-image-carousel\" data-id=\"52b046d\" data-element_type=\"widget\" data-e-type=\"widget\" data-settings=\"{&quot;slides_to_show&quot;:&quot;3&quot;,&quot;slides_to_scroll&quot;:&quot;1&quot;,&quot;image_spacing_custom&quot;:{&quot;unit&quot;:&quot;px&quot;,&quot;size&quot;:5,&quot;sizes&quot;:[]},&quot;navigation&quot;:&quot;both&quot;,&quot;autoplay&quot;:&quot;yes&quot;,&quot;pause_on_hover&quot;:&quot;yes&quot;,&quot;pause_on_interaction&quot;:&quot;yes&quot;,&quot;autoplay_speed&quot;:5000,&quot;infinite&quot;:&quot;yes&quot;,&quot;speed&quot;:500,&quot;image_spacing_custom_laptop&quot;:{&quot;unit&quot;:&quot;px&quot;,&quot;size&quot;:&quot;&quot;,&quot;sizes&quot;:[]},&quot;image_spacing_custom_tablet_extra&quot;:{&quot;unit&quot;:&quot;px&quot;,&quot;size&quot;:&quot;&quot;,&quot;sizes&quot;:[]},&quot;image_spacing_custom_tablet&quot;:{&quot;unit&quot;:&quot;px&quot;,&quot;size&quot;:&quot;&quot;,&quot;sizes&quot;:[]},&quot;image_spacing_custom_mobile_extra&quot;:{&quot;unit&quot;:&quot;px&quot;,&quot;size&quot;:&quot;&quot;,&quot;sizes&quot;:[]},&quot;image_spacing_custom_mobile&quot;:{&quot;unit&quot;:&quot;px&quot;,&quot;size&quot;:&quot;&quot;,&quot;sizes&quot;:[]}}\" data-widget_type=\"image-carousel.default\">\n\t\t\t\t<div class=\"elementor-widget-container\">\n\t\t\t\t\t\t\t<div class=\"elementor-image-carousel-wrapper swiper\" role=\"region\" aria-roledescription=\"carousel\" aria-label=\"\u56fe\u50cf\u8f6e\u64ad\" dir=\"ltr\">\n\t\t\t<div class=\"elementor-image-carousel swiper-wrapper\" aria-live=\"off\">\n\t\t\t\t\t\t\t\t<div class=\"swiper-slide\" role=\"group\" aria-roledescription=\"slide\" aria-label=\"1 \/ 6\" data-no-translation-aria-label=\"\"><figure class=\"swiper-slide-inner\"><img decoding=\"async\" class=\"swiper-slide-image\" src=\"https:\/\/zhongnuokeji.pw\/wp-content\/uploads\/2025\/06\/1-11-1024x1024.jpg\" alt=\"1\" \/><\/figure><\/div><div class=\"swiper-slide\" role=\"group\" aria-roledescription=\"slide\" aria-label=\"2 \/ 6\" data-no-translation-aria-label=\"\"><figure class=\"swiper-slide-inner\"><img decoding=\"async\" class=\"swiper-slide-image\" src=\"https:\/\/zhongnuokeji.pw\/wp-content\/uploads\/2025\/06\/2-10-1024x1024.jpg\" alt=\"2\" \/><\/figure><\/div><div class=\"swiper-slide\" role=\"group\" aria-roledescription=\"slide\" aria-label=\"3 \/ 6\" data-no-translation-aria-label=\"\"><figure class=\"swiper-slide-inner\"><img decoding=\"async\" class=\"swiper-slide-image\" src=\"https:\/\/zhongnuokeji.pw\/wp-content\/uploads\/2025\/06\/3-6-1024x1024.jpg\" alt=\"3\" \/><\/figure><\/div><div class=\"swiper-slide\" role=\"group\" aria-roledescription=\"slide\" aria-label=\"4 \/ 6\" data-no-translation-aria-label=\"\"><figure class=\"swiper-slide-inner\"><img decoding=\"async\" class=\"swiper-slide-image\" src=\"https:\/\/zhongnuokeji.pw\/wp-content\/uploads\/2025\/06\/4-5-1024x1024.jpg\" alt=\"4\" \/><\/figure><\/div><div class=\"swiper-slide\" role=\"group\" aria-roledescription=\"slide\" aria-label=\"5 \/ 6\" data-no-translation-aria-label=\"\"><figure class=\"swiper-slide-inner\"><img decoding=\"async\" class=\"swiper-slide-image\" src=\"https:\/\/zhongnuokeji.pw\/wp-content\/uploads\/2025\/06\/5-4-1024x1024.jpg\" alt=\"5\" \/><\/figure><\/div><div class=\"swiper-slide\" role=\"group\" aria-roledescription=\"slide\" aria-label=\"6 \/ 6\" data-no-translation-aria-label=\"\"><figure class=\"swiper-slide-inner\"><img decoding=\"async\" class=\"swiper-slide-image\" src=\"https:\/\/zhongnuokeji.pw\/wp-content\/uploads\/2025\/06\/6-2-1024x1024.jpg\" alt=\"6\" \/><\/figure><\/div>\t\t\t<\/div>\n\t\t\t\t\t\t\t\t\t\t\t\t<div class=\"elementor-swiper-button elementor-swiper-button-prev\" role=\"button\" tabindex=\"0\">\n\t\t\t\t\t\t<i aria-hidden=\"true\" class=\"fas fa-arrow-circle-left\"><\/i>\t\t\t\t\t<\/div>\n\t\t\t\t\t<div class=\"elementor-swiper-button elementor-swiper-button-next\" role=\"button\" tabindex=\"0\">\n\t\t\t\t\t\t<i aria-hidden=\"true\" class=\"fas fa-arrow-circle-right\"><\/i>\t\t\t\t\t<\/div>\n\t\t\t\t\n\t\t\t\t\t\t\t\t\t<div class=\"swiper-pagination\"><\/div>\n\t\t\t\t\t\t\t\t\t<\/div>\n\t\t\t\t\t\t<\/div>\n\t\t\t\t<\/div>\n\t\t\t\t<\/div>\r\n\t\t\t\t\t<\/div>\r\n\t\t\t\t<\/div>\r\n\t\t<div class=\"elementor-element elementor-element-e141d83 e-flex e-con-boxed pxl-row-scroll-none pxl-column-none pxl-full-content-with-space-none e-con e-parent\" data-id=\"e141d83\" data-element_type=\"container\" data-e-type=\"container\">\t\t\t<div class=\"e-con-inner\">\r\n\t\t<div class=\"elementor-element elementor-element-05989c7 e-con-full e-flex pxl-row-scroll-none pxl-column-none pxl-full-content-with-space-none e-con e-child\" data-id=\"05989c7\" data-element_type=\"container\" data-e-type=\"container\">\t\t<div class=\"elementor-element elementor-element-c2fc76a elementor-widget elementor-widget-heading\" data-id=\"c2fc76a\" data-element_type=\"widget\" data-e-type=\"widget\" data-widget_type=\"heading.default\">\n\t\t\t\t<div class=\"elementor-widget-container\">\n\t\t\t\t\t<h2 class=\"elementor-heading-title elementor-size-default\">Cold to cold storage energy saving is import-ant influencing factors,energy saving refrig-erator door:<\/h2>\t\t\t\t<\/div>\n\t\t\t\t<\/div>\n\t\t \t\t<div class=\"elementor-element elementor-element-3309a7a elementor-widget elementor-widget-text-editor\" data-id=\"3309a7a\" data-element_type=\"widget\" data-e-type=\"widget\" data-widget_type=\"text-editor.default\">\n\t\t\t\t<div class=\"elementor-widget-container\">\n\t\t\t\t\t\t\t\t\t<p>\u25cf\u00a0 La vitesse d'ouverture et de fermeture ; propri\u00e9t\u00e9 d'\u00e9tanch\u00e9it\u00e9 ;<br \/>\u25cf\u00a0 La taille d\u2019une seule ouverture et fermeture\u00a0;<br \/>\u25cf\u00a0 La propri\u00e9t\u00e9 d\u2019absorption d\u2019humidit\u00e9 du mat\u00e9riau de la porte de chambre froide\u00a0;<br \/>\u25cf\u00a0 L\u2019efficacit\u00e9 et la s\u00e9curit\u00e9 du passage humain\/mat\u00e9riel.<\/p>\t\t\t\t\t\t\t\t<\/div>\n\t\t\t\t<\/div>\n\t\t\t\t<\/div>\r\n\t\t\t\t\t<\/div>\r\n\t\t\t\t<\/div>\r\n\t\t<div class=\"elementor-element elementor-element-65fa5fd e-flex e-con-boxed pxl-row-scroll-none pxl-column-none pxl-full-content-with-space-none e-con e-parent\" data-id=\"65fa5fd\" data-element_type=\"container\" data-e-type=\"container\">\t\t\t<div class=\"e-con-inner\">\r\n\t\t<div class=\"elementor-element elementor-element-de3afe1 e-con-full e-flex pxl-row-scroll-none pxl-column-none pxl-full-content-with-space-none e-con e-child\" data-id=\"de3afe1\" data-element_type=\"container\" data-e-type=\"container\">\t\t<div class=\"elementor-element elementor-element-70528fe elementor-widget elementor-widget-image\" data-id=\"70528fe\" data-element_type=\"widget\" data-e-type=\"widget\" data-widget_type=\"image.default\">\n\t\t\t\t<div class=\"elementor-widget-container\">\n\t\t\t\t\t\t\t\t\t\t\t\t\t\t\t<img fetchpriority=\"high\" decoding=\"async\" width=\"505\" height=\"573\" src=\"https:\/\/zhongnuokeji.pw\/wp-content\/uploads\/2025\/06\/77.png\" class=\"attachment-large size-large wp-image-19478\" alt=\"\" srcset=\"https:\/\/zhongnuokeji.pw\/wp-content\/uploads\/2025\/06\/77.png 505w, https:\/\/zhongnuokeji.pw\/wp-content\/uploads\/2025\/06\/77-264x300.png 264w\" sizes=\"(max-width: 505px) 100vw, 505px\" \/>\t\t\t\t\t\t\t\t\t\t\t\t\t\t\t<\/div>\n\t\t\t\t<\/div>\n\t\t\t\t<\/div>\r\n\t\t<div class=\"elementor-element elementor-element-9c6804a e-con-full e-flex pxl-row-scroll-none pxl-column-none pxl-full-content-with-space-none e-con e-child\" data-id=\"9c6804a\" data-element_type=\"container\" data-e-type=\"container\"><div class=\"elementor-element elementor-element-1010012 e-con-full e-flex pxl-row-scroll-none pxl-column-none pxl-full-content-with-space-none e-con e-child\" data-id=\"1010012\" data-element_type=\"container\" data-e-type=\"container\">\t\t<div class=\"elementor-element elementor-element-611d194 elementor-widget elementor-widget-heading\" data-id=\"611d194\" data-element_type=\"widget\" data-e-type=\"widget\" data-widget_type=\"heading.default\">\n\t\t\t\t<div class=\"elementor-widget-container\">\n\t\t\t\t\t<h2 class=\"elementor-heading-title elementor-size-default\">Electric sliding door refrigerator specifications<\/h2>\t\t\t\t<\/div>\n\t\t\t\t<\/div>\n\t\t\t\t<div class=\"elementor-element elementor-element-9d399ac elementor-widget elementor-widget-text-editor\" data-id=\"9d399ac\" data-element_type=\"widget\" data-e-type=\"widget\" data-widget_type=\"text-editor.default\">\n\t\t\t\t<div class=\"elementor-widget-container\">\n\t\t\t\t\t\t\t\t\t<table width=\"2093\"><tbody><tr><td width=\"1040\">S\u00e9curit\u00e9<\/td><td width=\"1053\">\u00c9conomique<\/td><\/tr><tr><td width=\"1040\">(1)Performance de transmission permanente de la lumi\u00e8re<br \/>(2)Flexibilit\u00e9 et \u00e9lasticit\u00e9 persistantes, non toxique<\/td><td width=\"1053\">(1) Le test de performance \u00e9conomique est \u00e9conome en \u00e9nergie<br \/>(2) Performance \u00e0 co\u00fbt \u00e9lev\u00e9, haute durabilit\u00e9, facile \u00e0 nettoyer<br \/>(3)Les pi\u00e8ces endommag\u00e9es peuvent \u00eatre remplac\u00e9es et recycl\u00e9es<\/td><\/tr><tr><td width=\"1040\">Haute efficacit\u00e9<\/td><td width=\"1053\">Fort<\/td><\/tr><tr><td width=\"1040\">(1) Installation rapide, emballage d\u2019origine efficace<br \/>(2) Isolation phonique, emp\u00eache la p\u00e9n\u00e9tration de solides<\/td><td width=\"1053\">(1) Haute r\u00e9sistance aux chocs et \u00e0 la d\u00e9chirure<br \/>(2) R\u00e9sistant aux produits chimiques et au feu<br \/>(3) Haute r\u00e9sistance aux UV<\/td><\/tr><\/tbody><\/table>\t\t\t\t\t\t\t\t<\/div>\n\t\t\t\t<\/div>\n\t\t\t\t<\/div>\r\n\t\t\t\t<\/div>\r\n\t\t\t\t\t<\/div>\r\n\t\t\t\t<\/div>\r\n\t\t<div class=\"elementor-element elementor-element-39e3982 e-flex e-con-boxed pxl-row-scroll-none pxl-column-none pxl-full-content-with-space-none e-con e-parent\" data-id=\"39e3982\" data-element_type=\"container\" data-e-type=\"container\">\t\t\t<div class=\"e-con-inner\">\r\n\t\t<div class=\"elementor-element elementor-element-d9e6dd8 e-con-full e-flex pxl-row-scroll-none pxl-column-none pxl-full-content-with-space-none e-con e-child\" data-id=\"d9e6dd8\" data-element_type=\"container\" data-e-type=\"container\">\t\t<div class=\"elementor-element elementor-element-a2a7799 elementor-widget elementor-widget-heading\" data-id=\"a2a7799\" data-element_type=\"widget\" data-e-type=\"widget\" data-widget_type=\"heading.default\">\n\t\t\t\t<div class=\"elementor-widget-container\">\n\t\t\t\t\t<h2 class=\"elementor-heading-title elementor-size-default\">*CARACT\u00c9RISTIQUES SP\u00c9CIALES :<\/h2>\t\t\t\t<\/div>\n\t\t\t\t<\/div>\n\t\t\t\t<div class=\"elementor-element elementor-element-fe39f00 elementor-widget elementor-widget-text-editor\" data-id=\"fe39f00\" data-element_type=\"widget\" data-e-type=\"widget\" data-widget_type=\"text-editor.default\">\n\t\t\t\t<div class=\"elementor-widget-container\">\n\t\t\t\t\t\t\t\t\t<p>Gr\u00e2ce \u00e0 des additifs s\u00e9lectionn\u00e9s, le PVC flexible d\u2019ATOF est \u00e9galement adapt\u00e9 \u00e0 des exigences particuli\u00e8res, telles que : protection contre les insectes et les mouches, anti-collision, r\u00e9sistance aux hautes et basses temp\u00e9ratures, \u00e9conomie d\u2019\u00e9nergie, filtrage ultraviolet ou infrarouge et autres fonctions sp\u00e9ciales.<\/p><p>Le vantail de porte en PVC flexible est soutenu par un demi-cadre m\u00e9tallique et se ferme automatiquement par un ressort de torsion<\/p>\t\t\t\t\t\t\t\t<\/div>\n\t\t\t\t<\/div>\n\t\t\t\t<\/div>\r\n\t\t\t\t\t<\/div>\r\n\t\t\t\t<\/div>\r\n\t\t<div class=\"elementor-element elementor-element-6766461 e-flex e-con-boxed pxl-row-scroll-none pxl-column-none pxl-full-content-with-space-none e-con e-parent\" data-id=\"6766461\" data-element_type=\"container\" data-e-type=\"container\">\t\t\t<div class=\"e-con-inner\">\r\n\t\t<div class=\"elementor-element elementor-element-c7eadf4 e-con-full e-flex pxl-row-scroll-none pxl-column-none pxl-full-content-with-space-none e-con e-child\" data-id=\"c7eadf4\" data-element_type=\"container\" data-e-type=\"container\">\t\t<div class=\"elementor-element elementor-element-1798eed elementor-widget elementor-widget-heading\" data-id=\"1798eed\" data-element_type=\"widget\" data-e-type=\"widget\" data-widget_type=\"heading.default\">\n\t\t\t\t<div class=\"elementor-widget-container\">\n\t\t\t\t\t<h2 class=\"elementor-heading-title elementor-size-default\">SP\u00c9CIFICATIONS DU R\u00c9FRIG\u00c9RATEUR \u00c9LECTRIQUE \u00c0 PORTE COULISSANTE<\/h2>\t\t\t\t<\/div>\n\t\t\t\t<\/div>\n\t\t\t\t<div class=\"elementor-element elementor-element-7011ed8 elementor-widget elementor-widget-text-editor\" data-id=\"7011ed8\" data-element_type=\"widget\" data-e-type=\"widget\" data-widget_type=\"text-editor.default\">\n\t\t\t\t<div class=\"elementor-widget-container\">\n\t\t\t\t\t\t\t\t\t<table width=\"1878\"><tbody><tr><td width=\"878\">\u00c9paisseur du PVC<\/td><td width=\"1000\">7,0 mm ne peut pas \u00eatre \u00e9piss\u00e9 ou superpos\u00e9<\/td><\/tr><tr><td width=\"878\">Marque PVC<\/td><td width=\"1000\">France-ITOEFL<\/td><\/tr><tr><td width=\"878\">Mat\u00e9riau de la porte<\/td><td width=\"1000\">Polychlorure de vinyle (PVC souple)<\/td><\/tr><tr><td width=\"878\">Couche anti-collision<\/td><td width=\"1000\">Mat\u00e9riau PE double couche import\u00e9<\/td><\/tr><tr><td width=\"878\">R\u00e9sistance aux basses temp\u00e9ratures<\/td><td width=\"1000\">Utilisation \u00e0 moins de -40\u00b0C<\/td><\/tr><tr><td width=\"878\">Mod\u00e8le et mat\u00e9riau du sous-ch\u00e2ssis<\/td><td width=\"1000\">Alliage d\u2019aluminium \/ acier inoxydable<\/td><\/tr><tr><td width=\"878\">Mod\u00e8le et mat\u00e9riau du sous-ch\u00e2ssis<\/td><td width=\"1000\">Tube carr\u00e9 galvanis\u00e9 50 * 100 mm ou tube carr\u00e9 en acier inoxydable 304<\/td><\/tr><tr><td width=\"878\">Ruban d\u2019\u00e9tanch\u00e9it\u00e9 et d\u2019\u00e9tanch\u00e9it\u00e9<\/td><td width=\"1000\">N\u00e9opr\u00e8ne<\/td><\/tr><tr><td width=\"878\">Traitement de surface du cadre de porte<\/td><td width=\"1000\">Oxydation des sables acides<\/td><\/tr><tr><td width=\"878\">\u00c9paisseur du cadre de porte<\/td><td width=\"1000\">5,0 millim\u00e8tre<\/td><\/tr><tr><td width=\"878\">Mat\u00e9riau de la quincaillerie<\/td><td width=\"1000\">Acier inoxydable 304<\/td><\/tr><tr><td width=\"878\">Ressort de torsion<\/td><td width=\"1000\">Corde \u00e0 piano import\u00e9e<\/td><\/tr><\/tbody><\/table>\t\t\t\t\t\t\t\t<\/div>\n\t\t\t\t<\/div>\n\t\t\t\t<\/div>\r\n\t\t\t\t\t<\/div>\r\n\t\t\t\t<\/div>\r\n\t\t\t\t<\/div>","protected":false},"excerpt":{"rendered":"<p>Cold to cold storage energy saving is import-ant influencing factors,energy saving refrig-erator door: \u25cf\u00a0 The speed of opening and closing;sealing property; \u25cf\u00a0 The size of a single opening and closing; \u25cf\u00a0 The moisture absorption property of the material ofthe cold storage door; \u25cf\u00a0 The efficiency and safety of human\/material passing. Electric sliding door refrigerator specifications [&hellip;]<\/p>","protected":false},"author":1,"featured_media":0,"parent":0,"menu_order":0,"comment_status":"closed","ping_status":"closed","template":"","meta":{"footnotes":""},"class_list":["post-19458","page","type-page","status-publish","hentry"],"yoast_head":"<!-- This site is optimized with the Yoast SEO Premium plugin v26.2 (Yoast SEO v27.4) - https:\/\/yoast.com\/product\/yoast-seo-premium-wordpress\/ -->\n<title>Discussion on the efficiency and safety of refrigeration technology - zhongnuokeji.pw<\/title>\n<meta name=\"description\" content=\"Cold storage solutions \u2013 Zhongnuo provides reliable cold storage solutions with advanced insulation and energy-saving refrigeration systems.\" \/>\n<meta name=\"robots\" content=\"index, follow, max-snippet:-1, max-image-preview:large, max-video-preview:-1\" \/>\n<link rel=\"canonical\" href=\"https:\/\/zhongnuokeji.pw\/fr\/soft-cushioning-free-door\/\" \/>\n<meta property=\"og:locale\" content=\"fr_FR\" \/>\n<meta property=\"og:type\" content=\"article\" \/>\n<meta property=\"og:title\" content=\"Soft cushioning free door\" \/>\n<meta property=\"og:description\" content=\"Cold storage solutions \u2013 Zhongnuo provides reliable cold storage solutions with advanced insulation and energy-saving refrigeration systems.\" \/>\n<meta property=\"og:url\" content=\"https:\/\/zhongnuokeji.pw\/fr\/soft-cushioning-free-door\/\" \/>\n<meta property=\"og:site_name\" content=\"zhongnuokeji.pw\" \/>\n<meta property=\"article:publisher\" content=\"https:\/\/www.facebook.com\/share\/1CKMXvQDt9\/?mibextid=wwXIfr\" \/>\n<meta property=\"article:modified_time\" content=\"2025-10-22T06:09:34+00:00\" \/>\n<meta property=\"og:image\" content=\"https:\/\/zhongnuokeji.pw\/wp-content\/uploads\/2025\/06\/1-11-1024x1024.jpg\" \/>\n<meta name=\"twitter:card\" content=\"summary_large_image\" \/>\n<meta name=\"twitter:label1\" content=\"Dur\u00e9e de lecture estim\u00e9e\" \/>\n\t<meta name=\"twitter:data1\" content=\"3 minutes\" \/>\n<script type=\"application\/ld+json\" class=\"yoast-schema-graph\">{\"@context\":\"https:\\\/\\\/schema.org\",\"@graph\":[{\"@type\":\"WebPage\",\"@id\":\"https:\\\/\\\/zhongnuokeji.pw\\\/soft-cushioning-free-door\\\/\",\"url\":\"https:\\\/\\\/zhongnuokeji.pw\\\/soft-cushioning-free-door\\\/\",\"name\":\"Discussion on the efficiency and safety of refrigeration technology - zhongnuokeji.pw\",\"isPartOf\":{\"@id\":\"https:\\\/\\\/zhongnuokeji.pw\\\/#website\"},\"primaryImageOfPage\":{\"@id\":\"https:\\\/\\\/zhongnuokeji.pw\\\/soft-cushioning-free-door\\\/#primaryimage\"},\"image\":{\"@id\":\"https:\\\/\\\/zhongnuokeji.pw\\\/soft-cushioning-free-door\\\/#primaryimage\"},\"thumbnailUrl\":\"https:\\\/\\\/zhongnuokeji.pw\\\/wp-content\\\/uploads\\\/2025\\\/06\\\/1-11-1024x1024.jpg\",\"datePublished\":\"2025-06-26T02:02:17+00:00\",\"dateModified\":\"2025-10-22T06:09:34+00:00\",\"description\":\"Cold storage solutions \u2013 Zhongnuo provides reliable cold storage solutions with advanced insulation and energy-saving refrigeration systems.\",\"breadcrumb\":{\"@id\":\"https:\\\/\\\/zhongnuokeji.pw\\\/soft-cushioning-free-door\\\/#breadcrumb\"},\"inLanguage\":\"fr-FR\",\"potentialAction\":[{\"@type\":\"ReadAction\",\"target\":[\"https:\\\/\\\/zhongnuokeji.pw\\\/soft-cushioning-free-door\\\/\"]}]},{\"@type\":\"ImageObject\",\"inLanguage\":\"fr-FR\",\"@id\":\"https:\\\/\\\/zhongnuokeji.pw\\\/soft-cushioning-free-door\\\/#primaryimage\",\"url\":\"https:\\\/\\\/zhongnuokeji.pw\\\/wp-content\\\/uploads\\\/2025\\\/06\\\/1-11-1024x1024.jpg\",\"contentUrl\":\"https:\\\/\\\/zhongnuokeji.pw\\\/wp-content\\\/uploads\\\/2025\\\/06\\\/1-11-1024x1024.jpg\"},{\"@type\":\"BreadcrumbList\",\"@id\":\"https:\\\/\\\/zhongnuokeji.pw\\\/soft-cushioning-free-door\\\/#breadcrumb\",\"itemListElement\":[{\"@type\":\"ListItem\",\"position\":1,\"name\":\"\u9996\u9875\",\"item\":\"https:\\\/\\\/zhongnuokeji.pw\\\/\"},{\"@type\":\"ListItem\",\"position\":2,\"name\":\"Soft cushioning free door\"}]},{\"@type\":\"WebSite\",\"@id\":\"https:\\\/\\\/zhongnuokeji.pw\\\/#website\",\"url\":\"https:\\\/\\\/zhongnuokeji.pw\\\/\",\"name\":\"zhongnuokeji.pw\",\"description\":\"High-Speed Cold Doors &amp; Energy-Saving Panels | ISO9001 Certified\",\"alternateName\":\"zhongnuokeji.com\",\"potentialAction\":[{\"@type\":\"SearchAction\",\"target\":{\"@type\":\"EntryPoint\",\"urlTemplate\":\"https:\\\/\\\/zhongnuokeji.pw\\\/?s={search_term_string}\"},\"query-input\":{\"@type\":\"PropertyValueSpecification\",\"valueRequired\":true,\"valueName\":\"search_term_string\"}}],\"inLanguage\":\"fr-FR\"}]}<\/script>\n<!-- \/ Yoast SEO Premium plugin. -->","yoast_head_json":{"title":"Discussion on the efficiency and safety of refrigeration technology - zhongnuokeji.pw","description":"Cold storage solutions \u2013 Zhongnuo provides reliable cold storage solutions with advanced insulation and energy-saving refrigeration systems.","robots":{"index":"index","follow":"follow","max-snippet":"max-snippet:-1","max-image-preview":"max-image-preview:large","max-video-preview":"max-video-preview:-1"},"canonical":"https:\/\/zhongnuokeji.pw\/fr\/soft-cushioning-free-door\/","og_locale":"fr_FR","og_type":"article","og_title":"Soft cushioning free door","og_description":"Cold storage solutions \u2013 Zhongnuo provides reliable cold storage solutions with advanced insulation and energy-saving refrigeration systems.","og_url":"https:\/\/zhongnuokeji.pw\/fr\/soft-cushioning-free-door\/","og_site_name":"zhongnuokeji.pw","article_publisher":"https:\/\/www.facebook.com\/share\/1CKMXvQDt9\/?mibextid=wwXIfr","article_modified_time":"2025-10-22T06:09:34+00:00","og_image":[{"url":"https:\/\/zhongnuokeji.pw\/wp-content\/uploads\/2025\/06\/1-11-1024x1024.jpg","type":"","width":"","height":""}],"twitter_card":"summary_large_image","twitter_misc":{"Dur\u00e9e de lecture estim\u00e9e":"3 minutes"},"schema":{"@context":"https:\/\/schema.org","@graph":[{"@type":"WebPage","@id":"https:\/\/zhongnuokeji.pw\/soft-cushioning-free-door\/","url":"https:\/\/zhongnuokeji.pw\/soft-cushioning-free-door\/","name":"Discussion on the efficiency and safety of refrigeration technology - zhongnuokeji.pw","isPartOf":{"@id":"https:\/\/zhongnuokeji.pw\/#website"},"primaryImageOfPage":{"@id":"https:\/\/zhongnuokeji.pw\/soft-cushioning-free-door\/#primaryimage"},"image":{"@id":"https:\/\/zhongnuokeji.pw\/soft-cushioning-free-door\/#primaryimage"},"thumbnailUrl":"https:\/\/zhongnuokeji.pw\/wp-content\/uploads\/2025\/06\/1-11-1024x1024.jpg","datePublished":"2025-06-26T02:02:17+00:00","dateModified":"2025-10-22T06:09:34+00:00","description":"Cold storage solutions \u2013 Zhongnuo provides reliable cold storage solutions with advanced insulation and energy-saving refrigeration systems.","breadcrumb":{"@id":"https:\/\/zhongnuokeji.pw\/soft-cushioning-free-door\/#breadcrumb"},"inLanguage":"fr-FR","potentialAction":[{"@type":"ReadAction","target":["https:\/\/zhongnuokeji.pw\/soft-cushioning-free-door\/"]}]},{"@type":"ImageObject","inLanguage":"fr-FR","@id":"https:\/\/zhongnuokeji.pw\/soft-cushioning-free-door\/#primaryimage","url":"https:\/\/zhongnuokeji.pw\/wp-content\/uploads\/2025\/06\/1-11-1024x1024.jpg","contentUrl":"https:\/\/zhongnuokeji.pw\/wp-content\/uploads\/2025\/06\/1-11-1024x1024.jpg"},{"@type":"BreadcrumbList","@id":"https:\/\/zhongnuokeji.pw\/soft-cushioning-free-door\/#breadcrumb","itemListElement":[{"@type":"ListItem","position":1,"name":"\u9996\u9875","item":"https:\/\/zhongnuokeji.pw\/"},{"@type":"ListItem","position":2,"name":"Soft cushioning free door"}]},{"@type":"WebSite","@id":"https:\/\/zhongnuokeji.pw\/#website","url":"https:\/\/zhongnuokeji.pw\/","name":"zhongnuokeji.pw","description":"High-Speed Cold Doors &amp; Energy-Saving Panels | ISO9001 Certified","alternateName":"zhongnuokeji.com","potentialAction":[{"@type":"SearchAction","target":{"@type":"EntryPoint","urlTemplate":"https:\/\/zhongnuokeji.pw\/?s={search_term_string}"},"query-input":{"@type":"PropertyValueSpecification","valueRequired":true,"valueName":"search_term_string"}}],"inLanguage":"fr-FR"}]}},"_links":{"self":[{"href":"https:\/\/zhongnuokeji.pw\/fr\/wp-json\/wp\/v2\/pages\/19458","targetHints":{"allow":["GET"]}}],"collection":[{"href":"https:\/\/zhongnuokeji.pw\/fr\/wp-json\/wp\/v2\/pages"}],"about":[{"href":"https:\/\/zhongnuokeji.pw\/fr\/wp-json\/wp\/v2\/types\/page"}],"author":[{"embeddable":true,"href":"https:\/\/zhongnuokeji.pw\/fr\/wp-json\/wp\/v2\/users\/1"}],"replies":[{"embeddable":true,"href":"https:\/\/zhongnuokeji.pw\/fr\/wp-json\/wp\/v2\/comments?post=19458"}],"version-history":[{"count":17,"href":"https:\/\/zhongnuokeji.pw\/fr\/wp-json\/wp\/v2\/pages\/19458\/revisions"}],"predecessor-version":[{"id":20496,"href":"https:\/\/zhongnuokeji.pw\/fr\/wp-json\/wp\/v2\/pages\/19458\/revisions\/20496"}],"wp:attachment":[{"href":"https:\/\/zhongnuokeji.pw\/fr\/wp-json\/wp\/v2\/media?parent=19458"}],"curies":[{"name":"wp","href":"https:\/\/api.w.org\/{rel}","templated":true}]}}